{"id":119,"date":"2021-05-16T06:48:45","date_gmt":"2021-05-16T06:48:45","guid":{"rendered":"https:\/\/sustainablecommunities.eu\/?page_id=119"},"modified":"2025-07-25T18:27:43","modified_gmt":"2025-07-25T18:27:43","slug":"donatie-35-din-impozit","status":"publish","type":"page","link":"https:\/\/sustainablecommunities.eu\/en\/donatie-35-din-impozit\/","title":{"rendered":"3.5% of the tax due"},"content":{"rendered":"<section class=\"section dark\" id=\"section_26884692\">\n\t\t<div class=\"bg section-bg fill bg-fill  bg-loaded\" >\n\n\t\t\t\n\t\t\t\n\t\t\t\n\n\t\t<\/div>\n\n\t\t\n\n\t\t<div class=\"section-content relative\">\n\t\t\t\n<div class=\"row align-center\"  id=\"row-1717093933\">\n\n\t<div id=\"col-832483557\" class=\"col medium-3 small-12 large-3\"  >\n\t\t\t\t<div class=\"col-inner text-center\"  >\n\t\t\t\n\t\t\t\n\t<div class=\"img has-hover x md-x lg-x y md-y lg-y\" id=\"image_607149663\">\n\t\t\t\t\t\t\t\t<div class=\"img-inner dark\" >\n\t\t\t<img loading=\"lazy\" decoding=\"async\" width=\"2191\" height=\"2251\" src=\"https:\/\/sustainablecommunities.eu\/wp-content\/uploads\/2021\/05\/9.Tamy-12.png\" class=\"attachment-original size-original\" alt=\"\" srcset=\"https:\/\/sustainablecommunities.eu\/wp-content\/uploads\/2021\/05\/9.Tamy-12.png 2191w, https:\/\/sustainablecommunities.eu\/wp-content\/uploads\/2021\/05\/9.Tamy-12-292x300.png 292w, https:\/\/sustainablecommunities.eu\/wp-content\/uploads\/2021\/05\/9.Tamy-12-997x1024.png 997w, https:\/\/sustainablecommunities.eu\/wp-content\/uploads\/2021\/05\/9.Tamy-12-768x789.png 768w, https:\/\/sustainablecommunities.eu\/wp-content\/uploads\/2021\/05\/9.Tamy-12-1495x1536.png 1495w, https:\/\/sustainablecommunities.eu\/wp-content\/uploads\/2021\/05\/9.Tamy-12-1993x2048.png 1993w\" sizes=\"auto, (max-width: 2191px) 100vw, 2191px\" \/>\t\t\t\t\t\t\n\t\t\t\t\t<\/div>\n\t\t\t\t\t\t\t\t\n<style>\n#image_607149663 {\n  width: 49%;\n}\n<\/style>\n\t<\/div>\n\t\n\t\t<\/div>\n\t\t\t\t\t<\/div>\n\n\t\n\n\t<div id=\"col-182442296\" class=\"col medium-10 small-12 large-6\"  >\n\t\t\t\t<div class=\"col-inner text-center\"  >\n\t\t\t\n\t\t\t\n<h1><span style=\"font-size: 150%;\">3.5% tax on payroll<\/span><\/h1>\n<p>WHY would it be so grateful if you forward a 3.5% tax on your salary, education, sustainability, and the preservation of traditions.<\/p>\n\t\t<\/div>\n\t\t\t\t\t<\/div>\n\n\t\n\n\t<div id=\"col-970126857\" class=\"col medium-3 small-12 large-3\"  >\n\t\t\t\t<div class=\"col-inner text-center\"  >\n\t\t\t\n\t\t\t\n\t<div class=\"img has-hover x md-x lg-x y md-y lg-y\" id=\"image_465664406\">\n\t\t\t\t\t\t\t\t<div class=\"img-inner dark\" >\n\t\t\t<img loading=\"lazy\" decoding=\"async\" width=\"2191\" height=\"2251\" src=\"https:\/\/sustainablecommunities.eu\/wp-content\/uploads\/2021\/05\/Tamy-09.png\" class=\"attachment-original size-original\" alt=\"\" srcset=\"https:\/\/sustainablecommunities.eu\/wp-content\/uploads\/2021\/05\/Tamy-09.png 2191w, https:\/\/sustainablecommunities.eu\/wp-content\/uploads\/2021\/05\/Tamy-09-292x300.png 292w, https:\/\/sustainablecommunities.eu\/wp-content\/uploads\/2021\/05\/Tamy-09-997x1024.png 997w, https:\/\/sustainablecommunities.eu\/wp-content\/uploads\/2021\/05\/Tamy-09-768x789.png 768w, https:\/\/sustainablecommunities.eu\/wp-content\/uploads\/2021\/05\/Tamy-09-1495x1536.png 1495w, https:\/\/sustainablecommunities.eu\/wp-content\/uploads\/2021\/05\/Tamy-09-1993x2048.png 1993w\" sizes=\"auto, (max-width: 2191px) 100vw, 2191px\" \/>\t\t\t\t\t\t\n\t\t\t\t\t<\/div>\n\t\t\t\t\t\t\t\t\n<style>\n#image_465664406 {\n  width: 49%;\n}\n<\/style>\n\t<\/div>\n\t\n\t\t<\/div>\n\t\t\t\t\t<\/div>\n\n\t\n<\/div>\n\t\t<\/div>\n\n\t\t\n<style>\n#section_26884692 {\n  padding-top: 0px;\n  padding-bottom: 0px;\n  min-height: 300px;\n  background-color: #11b037;\n}\n#section_26884692 .ux-shape-divider--top svg {\n  height: 150px;\n  --divider-top-width: 100%;\n}\n#section_26884692 .ux-shape-divider--bottom svg {\n  height: 150px;\n  --divider-width: 100%;\n}\n<\/style>\n\t<\/section>\n\t\n\t<section class=\"section\" id=\"section_51812123\">\n\t\t<div class=\"bg section-bg fill bg-fill  bg-loaded\" >\n\n\t\t\t\n\t\t\t\n\t\t\t\n\n\t\t<\/div>\n\n\t\t\n\n\t\t<div class=\"section-content relative\">\n\t\t\t\n<div class=\"row\" style=\"max-width:1400px\" id=\"row-1702258100\">\n\n\t<div id=\"col-1514167923\" class=\"col small-12 large-12\"  >\n\t\t\t\t<div class=\"col-inner text-center\" style=\"background-color:rgb(255,255,255);\" >\n\t\t\t\n\t\t\t\n<h2>What do I need to do<\/h2>\n<p>Download and fill out the Form to 230, with your personal details and signing it.<\/p>\n<p>And then there are two possibilities:<\/p>\n<p>1. File this form in the original online or filled out at the premises of the NAFA&#039;s where you belong till the <strong>15 mai 2026.<\/strong><\/p>\n<p>2. Just send us, via email, <strong>p\u00e2n\u0103 \u00een 30 aprilie 2026<\/strong>, the original of the completed, the location of the SAUCE on the District \u2013 Tree 153 of the common H\u00e2rseni, in the county of Brasov, 507091 and we&#039;ll do the rest.<\/p>\n\t<div id=\"gap-372577376\" class=\"gap-element clearfix\" style=\"display:block; height:auto;\">\n\t\t\n<style>\n#gap-372577376 {\n  padding-top: 15px;\n}\n<\/style>\n\t<\/div>\n\t\n<a href=\"https:\/\/sustainablecommunities.eu\/wp-content\/uploads\/2025\/07\/230_SOS-TF2025-1.pdf\" target=\"_self\" class=\"button success is-outline is-large\"  >\n    <span>Download in the form of 230<\/span>\n  <\/a>\n\n\t\t<\/div>\n\t\t\t\t\n<style>\n#col-1514167923 > .col-inner {\n  padding: 80px 20px 80px 20px;\n  margin: -80px 0px 0px 0px;\n  border-radius: 25px;\n}\n<\/style>\n\t<\/div>\n\n\t\n<\/div>\n\t\t<\/div>\n\n\t\t\n<style>\n#section_51812123 {\n  padding-top: 30px;\n  padding-bottom: 30px;\n  background-color: rgb(237, 241, 247);\n}\n#section_51812123 .ux-shape-divider--top svg {\n  height: 150px;\n  --divider-top-width: 100%;\n}\n#section_51812123 .ux-shape-divider--bottom svg {\n  height: 150px;\n  --divider-width: 100%;\n}\n<\/style>\n\t<\/section>","protected":false},"excerpt":{"rendered":"","protected":false},"author":1,"featured_media":0,"parent":0,"menu_order":0,"comment_status":"closed","ping_status":"closed","template":"page-blank.php","meta":{"footnotes":""},"class_list":["post-119","page","type-page","status-publish","hentry"],"_links":{"self":[{"href":"https:\/\/sustainablecommunities.eu\/en\/wp-json\/wp\/v2\/pages\/119","targetHints":{"allow":["GET"]}}],"collection":[{"href":"https:\/\/sustainablecommunities.eu\/en\/wp-json\/wp\/v2\/pages"}],"about":[{"href":"https:\/\/sustainablecommunities.eu\/en\/wp-json\/wp\/v2\/types\/page"}],"author":[{"embeddable":true,"href":"https:\/\/sustainablecommunities.eu\/en\/wp-json\/wp\/v2\/users\/1"}],"replies":[{"embeddable":true,"href":"https:\/\/sustainablecommunities.eu\/en\/wp-json\/wp\/v2\/comments?post=119"}],"version-history":[{"count":18,"href":"https:\/\/sustainablecommunities.eu\/en\/wp-json\/wp\/v2\/pages\/119\/revisions"}],"predecessor-version":[{"id":986,"href":"https:\/\/sustainablecommunities.eu\/en\/wp-json\/wp\/v2\/pages\/119\/revisions\/986"}],"wp:attachment":[{"href":"https:\/\/sustainablecommunities.eu\/en\/wp-json\/wp\/v2\/media?parent=119"}],"curies":[{"name":"wp","href":"https:\/\/api.w.org\/{rel}","templated":true}]}}